{"id":475,"date":"2023-06-20T05:00:55","date_gmt":"2023-06-20T03:00:55","guid":{"rendered":"https:\/\/services-vitry94.fr\/galerie-municipale\/?page_id=475"},"modified":"2026-02-21T01:43:12","modified_gmt":"2026-02-21T00:43:12","slug":"infos-pratiques","status":"publish","type":"page","link":"https:\/\/services-vitry94.fr\/galerie-municipale\/infos-pratiques\/","title":{"rendered":"Infos pratiques"},"content":{"rendered":"<p><div class=\"fusion-fullwidth fullwidth-box fusion-builder-row-1 fusion-flex-container has-pattern-background has-mask-background nonhundred-percent-fullwidth non-hundred-percent-height-scrolling\" style=\"--awb-border-radius-top-left:0px;--awb-border-radius-top-right:0px;--awb-border-radius-bottom-right:0px;--awb-border-radius-bottom-left:0px;--awb-margin-top:90px;--awb-flex-wrap:wrap;\" ><div class=\"fusion-builder-row fusion-row fusion-flex-align-items-flex-start fusion-flex-content-wrap\" style=\"max-width:1248px;margin-left: calc(-4% \/ 2 );margin-right: calc(-4% \/ 2 );\"><div class=\"fusion-layout-column fusion_builder_column fusion-builder-column-0 fusion_builder_column_1_1 1_1 fusion-flex-column\" style=\"--awb-bg-size:cover;--awb-width-large:100%;--awb-margin-top-large:0px;--awb-spacing-right-large:1.92%;--awb-margin-bottom-large:20px;--awb-spacing-left-large:1.92%;--awb-width-medium:100%;--awb-order-medium:0;--awb-spacing-right-medium:1.92%;--awb-spacing-left-medium:1.92%;--awb-width-small:100%;--awb-order-small:0;--awb-spacing-right-small:1.92%;--awb-spacing-left-small:1.92%;\"><div class=\"fusion-column-wrapper fusion-column-has-shadow fusion-flex-justify-content-flex-start fusion-content-layout-column\"><div class=\"fusion-title title fusion-title-1 fusion-sep-none fusion-title-center fusion-title-text fusion-title-size-one\" style=\"--awb-margin-top-small:10px;--awb-margin-right-small:0px;--awb-margin-bottom-small:10px;--awb-margin-left-small:0px;\"><h1 class=\"fusion-title-heading title-heading-center fusion-responsive-typography-calculated\" style=\"margin:0;--fontSize:60;line-height:1.16;\">Infos pratiques<\/h1><\/div><\/div><\/div><\/div><\/div><div class=\"fusion-fullwidth fullwidth-box fusion-builder-row-2 fusion-flex-container has-pattern-background has-mask-background nonhundred-percent-fullwidth non-hundred-percent-height-scrolling\" style=\"--awb-border-radius-top-left:0px;--awb-border-radius-top-right:0px;--awb-border-radius-bottom-right:0px;--awb-border-radius-bottom-left:0px;--awb-padding-right:0px;--awb-padding-bottom:60px;--awb-padding-left:0px;--awb-flex-wrap:wrap;\" ><div class=\"fusion-builder-row fusion-row fusion-flex-align-items-flex-start fusion-flex-content-wrap\" style=\"max-width:1248px;margin-left: calc(-4% \/ 2 );margin-right: calc(-4% \/ 2 );\"><div class=\"fusion-layout-column fusion_builder_column fusion-builder-column-1 fusion_builder_column_1_1 1_1 fusion-flex-column\" style=\"--awb-bg-size:cover;--awb-width-large:100%;--awb-margin-top-large:0px;--awb-spacing-right-large:1.92%;--awb-margin-bottom-large:20px;--awb-spacing-left-large:1.92%;--awb-width-medium:100%;--awb-order-medium:0;--awb-spacing-right-medium:1.92%;--awb-spacing-left-medium:1.92%;--awb-width-small:100%;--awb-order-small:0;--awb-spacing-right-small:1.92%;--awb-spacing-left-small:1.92%;\"><div class=\"fusion-column-wrapper fusion-column-has-shadow fusion-flex-justify-content-flex-start fusion-content-layout-column\"><div class=\"fusion-title title fusion-title-2 fusion-sep-none fusion-title-center fusion-title-text fusion-title-size-two\" style=\"--awb-margin-top:30px;--awb-margin-bottom:60px;--awb-margin-top-small:10px;--awb-margin-right-small:0px;--awb-margin-bottom-small:10px;--awb-margin-left-small:0px;\"><h2 class=\"fusion-title-heading title-heading-center fusion-responsive-typography-calculated\" style=\"margin:0;--fontSize:36;line-height:1.2;\">Tarifs<\/h2><\/div><div class=\"fusion-text fusion-text-1\" style=\"--awb-font-size:20px;--awb-text-color:var(--awb-color2);--awb-text-font-family:&quot;Poppins&quot;;--awb-text-font-style:normal;--awb-text-font-weight:600;\"><p style=\"text-align: center;\">L\u2019entr\u00e9e \u00e0 la galerie est gratuite.<br \/>\nPour les visites guid\u00e9es, la r\u00e9servation est obligatoire.<\/p>\n<\/div><\/div><\/div><\/div><\/div><div class=\"fusion-fullwidth fullwidth-box fusion-builder-row-3 fusion-flex-container has-pattern-background has-mask-background nonhundred-percent-fullwidth non-hundred-percent-height-scrolling\" style=\"--awb-border-radius-top-left:0px;--awb-border-radius-top-right:0px;--awb-border-radius-bottom-right:0px;--awb-border-radius-bottom-left:0px;--awb-padding-right:0px;--awb-padding-bottom:60px;--awb-padding-left:0px;--awb-flex-wrap:wrap;\" ><div class=\"fusion-builder-row fusion-row fusion-flex-align-items-flex-start fusion-flex-content-wrap\" style=\"max-width:1248px;margin-left: calc(-4% \/ 2 );margin-right: calc(-4% \/ 2 );\"><div class=\"fusion-layout-column fusion_builder_column fusion-builder-column-2 fusion_builder_column_1_1 1_1 fusion-flex-column\" style=\"--awb-bg-size:cover;--awb-width-large:100%;--awb-margin-top-large:0px;--awb-spacing-right-large:1.92%;--awb-margin-bottom-large:20px;--awb-spacing-left-large:1.92%;--awb-width-medium:100%;--awb-order-medium:0;--awb-spacing-right-medium:1.92%;--awb-spacing-left-medium:1.92%;--awb-width-small:100%;--awb-order-small:0;--awb-spacing-right-small:1.92%;--awb-spacing-left-small:1.92%;\"><div class=\"fusion-column-wrapper fusion-column-has-shadow fusion-flex-justify-content-flex-start fusion-content-layout-column\"><div class=\"fusion-title title fusion-title-3 fusion-sep-none fusion-title-center fusion-title-text fusion-title-size-two\" style=\"--awb-margin-top:30px;--awb-margin-bottom:20px;--awb-margin-top-small:10px;--awb-margin-right-small:0px;--awb-margin-bottom-small:10px;--awb-margin-left-small:0px;\"><h2 class=\"fusion-title-heading title-heading-center fusion-responsive-typography-calculated\" style=\"margin:0;--fontSize:36;line-height:1.2;\">Horaires<\/h2><\/div><div class=\"fusion-text fusion-text-2\" style=\"--awb-font-size:20px;--awb-text-color:var(--awb-color2);--awb-text-font-family:&quot;Poppins&quot;;--awb-text-font-style:normal;--awb-text-font-weight:600;\"><p style=\"text-align: center;\">(en p\u00e9riodes d&rsquo;expositions)<\/p>\n<\/div><\/div><\/div><div class=\"fusion-layout-column fusion_builder_column fusion-builder-column-3 fusion_builder_column_1_1 1_1 fusion-flex-column\" style=\"--awb-bg-size:cover;--awb-width-large:100%;--awb-margin-top-large:0px;--awb-spacing-right-large:1.92%;--awb-margin-bottom-large:20px;--awb-spacing-left-large:1.92%;--awb-width-medium:100%;--awb-order-medium:0;--awb-spacing-right-medium:1.92%;--awb-spacing-left-medium:1.92%;--awb-width-small:100%;--awb-order-small:0;--awb-spacing-right-small:1.92%;--awb-spacing-left-small:1.92%;\"><div class=\"fusion-column-wrapper fusion-column-has-shadow fusion-flex-justify-content-flex-start fusion-content-layout-column\">\n<div class=\"table-2\">\n<table width=\"100%\">\n<tbody>\n<tr class=\"jour1\">\n<td align=\"left\">Lundi<\/td>\n<td align=\"left\">Ferm\u00e9<\/td>\n<\/tr>\n<tr class=\"jour2\">\n<td align=\"left\">Mardi<\/td>\n<td align=\"left\">13h30 \u2013 18h<\/td>\n<\/tr>\n<tr class=\"jour3\">\n<td align=\"left\">Mercredi<\/td>\n<td align=\"left\">10h \u2013 12h et 13h30 \u2013 18h<\/td>\n<\/tr>\n<tr class=\"jour4\">\n<td align=\"left\">Jeudi<\/td>\n<td align=\"left\">13h30 \u2013 18h<\/td>\n<\/tr>\n<tr class=\"jour5\">\n<td align=\"left\">Vendredi<\/td>\n<td align=\"left\">13h30 \u2013 18h<\/td>\n<\/tr>\n<tr class=\"jour6\">\n<td align=\"left\">Samedi<\/td>\n<td align=\"left\">13h30 \u2013 18h<\/td>\n<\/tr>\n<tr class=\"jour0\">\n<td align=\"left\">Dimanche<\/td>\n<td align=\"left\">13h30 \u2013 18h<\/td>\n<\/tr>\n<\/tbody>\n<\/table>\n<\/div>\n\n<script>\nconst d = new Date();\nlet day = d.getDay();\nlet jclass= \".jour\"+day+\" td\";\n\njQuery(document).ready(function($) {\n  $(jclass).css(\"color\",\"var(--awb-color2)\");\n  $(jclass).css(\"background-color\",\"var(--awb-color1)\");\n  $(jclass).css(\"font-weight\",\"900\");\n});\n\n\n<\/script>\n\n\n<\/div><\/div><\/div><\/div><div class=\"fusion-fullwidth fullwidth-box fusion-builder-row-4 fusion-flex-container has-pattern-background has-mask-background nonhundred-percent-fullwidth non-hundred-percent-height-scrolling\" style=\"--awb-border-radius-top-left:0px;--awb-border-radius-top-right:0px;--awb-border-radius-bottom-right:0px;--awb-border-radius-bottom-left:0px;--awb-padding-right:0px;--awb-padding-bottom:60px;--awb-padding-left:0px;--awb-flex-wrap:wrap;\" ><div class=\"fusion-builder-row fusion-row fusion-flex-align-items-flex-start fusion-flex-content-wrap\" style=\"max-width:1248px;margin-left: calc(-4% \/ 2 );margin-right: calc(-4% \/ 2 );\"><div class=\"fusion-layout-column fusion_builder_column fusion-builder-column-4 fusion_builder_column_1_1 1_1 fusion-flex-column\" style=\"--awb-bg-size:cover;--awb-width-large:100%;--awb-margin-top-large:0px;--awb-spacing-right-large:1.92%;--awb-margin-bottom-large:20px;--awb-spacing-left-large:1.92%;--awb-width-medium:100%;--awb-order-medium:0;--awb-spacing-right-medium:1.92%;--awb-spacing-left-medium:1.92%;--awb-width-small:100%;--awb-order-small:0;--awb-spacing-right-small:1.92%;--awb-spacing-left-small:1.92%;\"><div class=\"fusion-column-wrapper fusion-column-has-shadow fusion-flex-justify-content-flex-start fusion-content-layout-column\"><div class=\"fusion-title title fusion-title-4 fusion-sep-none fusion-title-center fusion-title-text fusion-title-size-two\" style=\"--awb-text-color:var(--awb-color2);--awb-margin-top:30px;--awb-margin-bottom:60px;--awb-margin-top-small:10px;--awb-margin-right-small:0px;--awb-margin-bottom-small:10px;--awb-margin-left-small:0px;\"><h2 class=\"fusion-title-heading title-heading-center fusion-responsive-typography-calculated\" style=\"margin:0;--fontSize:36;line-height:1.2;\">Venir \u00e0 la Galerie<\/h2><\/div><div class=\"fusion-text fusion-text-3\" style=\"--awb-text-color:var(--awb-color2);\"><h3>Transports en commun<\/h3>\n<ul>\n<li>RER C Gare de Vitry-sur-Seine, puis bus 180 (arr\u00eat Eglise de Vitry)<\/li>\n<li>M\u00e9tro 7 Villejuif-L. Aragon, puis bus 180 (arr\u00eat Eglise de Vitry)<\/li>\n<li>M\u00e9tro 7 Mairie d&rsquo;Ivry, puis bus 132 (arr\u00eat Eglise de Vitry)<\/li>\n<li>M\u00e9tro 7 Porte de Choisy, puis bus 183 (arr\u00eat H\u00f4tel de Ville)<\/li>\n<li>M\u00e9tro 8 Libert\u00e9, puis bus 180 (arr\u00eat Eglise de Vitry)<\/li>\n<\/ul>\n<h3>Voiture<\/h3>\n<ul>\n<li>Depuis Quai d&rsquo;Ivry, suivre la RD 55 jusqu&rsquo;au carrefour de l&rsquo;Eglise de Vitry, puis prendre la direction Maisons-Alfort (avenue Jean-Jaur\u00e8s)<\/li>\n<li>Depuis Porte de Choisy, suivre la RD 5 jusqu&rsquo;au carrefour de la Lib\u00e9ration \u2013 MAC\/VAL, prendre la direction Maisons-Alfort (avenue Henri-Barbusse, puis avenue Jean-Jaur\u00e8s)<\/li>\n<\/ul>\n<\/div><\/div><\/div><\/div><\/div><div class=\"fusion-fullwidth fullwidth-box fusion-builder-row-5 fusion-flex-container has-pattern-background has-mask-background nonhundred-percent-fullwidth non-hundred-percent-height-scrolling\" style=\"--awb-border-radius-top-left:0px;--awb-border-radius-top-right:0px;--awb-border-radius-bottom-right:0px;--awb-border-radius-bottom-left:0px;--awb-padding-top:0px;--awb-padding-right:0px;--awb-padding-bottom:90px;--awb-padding-left:0px;--awb-margin-bottom:0px;--awb-flex-wrap:wrap;\" ><div class=\"fusion-builder-row fusion-row fusion-flex-align-items-flex-start fusion-flex-content-wrap\" style=\"max-width:1248px;margin-left: calc(-4% \/ 2 );margin-right: calc(-4% \/ 2 );\"><div class=\"fusion-layout-column fusion_builder_column fusion-builder-column-5 fusion_builder_column_1_1 1_1 fusion-flex-column\" style=\"--awb-bg-size:cover;--awb-width-large:100%;--awb-margin-top-large:0px;--awb-spacing-right-large:1.92%;--awb-margin-bottom-large:20px;--awb-spacing-left-large:1.92%;--awb-width-medium:100%;--awb-order-medium:0;--awb-spacing-right-medium:1.92%;--awb-spacing-left-medium:1.92%;--awb-width-small:100%;--awb-order-small:0;--awb-spacing-right-small:1.92%;--awb-spacing-left-small:1.92%;\"><div class=\"fusion-column-wrapper fusion-column-has-shadow fusion-flex-justify-content-flex-start fusion-content-layout-column\"><div class=\"fusion-separator fusion-full-width-sep\" style=\"align-self: center;margin-left: auto;margin-right: auto;margin-bottom:60px;width:100%;\"><div class=\"fusion-separator-border sep-single sep-solid\" style=\"--awb-height:20px;--awb-amount:20px;--awb-sep-color:var(--awb-color6);border-color:var(--awb-color6);border-top-width:1px;\"><\/div><\/div><\/div><\/div><div class=\"fusion-layout-column fusion_builder_column fusion-builder-column-6 fusion_builder_column_1_2 1_2 fusion-flex-column\" style=\"--awb-bg-size:cover;--awb-width-large:50%;--awb-margin-top-large:0px;--awb-spacing-right-large:3.84%;--awb-margin-bottom-large:20px;--awb-spacing-left-large:3.84%;--awb-width-medium:50%;--awb-order-medium:0;--awb-spacing-right-medium:3.84%;--awb-spacing-left-medium:3.84%;--awb-width-small:100%;--awb-order-small:0;--awb-spacing-right-small:1.92%;--awb-spacing-left-small:1.92%;\" data-scroll-devices=\"small-visibility,medium-visibility,large-visibility\"><div class=\"fusion-column-wrapper fusion-column-has-shadow fusion-flex-justify-content-flex-start fusion-content-layout-column\"><div class=\"fusion-text fusion-text-4\" style=\"--awb-text-color:var(--awb-color2);\"><h3>Galerie municipale Jean-Collet<\/h3>\n<p>59, av. Guy-M\u00f4quet<br \/>\n94400 Vitry-sur-Seine<br \/>\nT\u00e9l. : 01 43 91 15 33<\/p>\n<\/div><div ><a class=\"fusion-button button-flat button-xlarge button-default fusion-button-default button-1 fusion-button-default-span fusion-button-default-type\" target=\"_self\" href=\"https:\/\/services-vitry94.fr\/galerie-municipale\/contact\/\"><span class=\"fusion-button-text awb-button__text awb-button__text--default\">Nous contacter<\/span><i class=\"fa-arrow-right fas awb-button__icon awb-button__icon--default button-icon-right\" aria-hidden=\"true\"><\/i><\/a><\/div><\/div><\/div><div class=\"fusion-layout-column fusion_builder_column fusion-builder-column-7 fusion_builder_column_1_2 1_2 fusion-flex-column\" style=\"--awb-bg-size:cover;--awb-width-large:50%;--awb-margin-top-large:0px;--awb-spacing-right-large:3.84%;--awb-margin-bottom-large:20px;--awb-spacing-left-large:3.84%;--awb-width-medium:50%;--awb-order-medium:0;--awb-spacing-right-medium:3.84%;--awb-spacing-left-medium:3.84%;--awb-width-small:100%;--awb-order-small:0;--awb-spacing-right-small:1.92%;--awb-spacing-left-small:1.92%;\" data-scroll-devices=\"small-visibility,medium-visibility,large-visibility\"><div class=\"fusion-column-wrapper fusion-column-has-shadow fusion-flex-justify-content-flex-start fusion-content-layout-column\"><div class=\"artifica-map-widget\"\n\tdata-markers=\"148322\"\n\tdata-layers=\"1816\"><\/div>\n\n<script async defer src=\"https:\/\/ice.artifica.fr\/api\/js\/widgets?key=xmi3gfjqskn9l7z5bo2aye86wrdhtvpu\"><\/script>\n\n\n<style>\n.artifica-map-widget{ min-height: 400px !important; min-width:unset !important;}\n<\/style><\/div><\/div><\/div><\/div>\n<\/p>\n","protected":false},"excerpt":{"rendered":"","protected":false},"author":1,"featured_media":0,"parent":0,"menu_order":0,"comment_status":"closed","ping_status":"closed","template":"","meta":{"_acf_changed":false,"footnotes":""},"class_list":["post-475","page","type-page","status-publish","hentry"],"acf":[],"yoast_head":"<!-- This site is optimized with the Yoast SEO plugin v27.3 - https:\/\/yoast.com\/product\/yoast-seo-wordpress\/ -->\n<title>Infos pratiques - galerie-municipale<\/title>\n<meta name=\"robots\" content=\"index, follow, max-snippet:-1, max-image-preview:large, max-video-preview:-1\" \/>\n<link rel=\"canonical\" href=\"https:\/\/services-vitry94.fr\/galerie-municipale\/infos-pratiques\/\" \/>\n<meta property=\"og:locale\" content=\"fr_FR\" \/>\n<meta property=\"og:type\" content=\"article\" \/>\n<meta property=\"og:title\" content=\"Infos pratiques - galerie-municipale\" \/>\n<meta property=\"og:url\" content=\"https:\/\/services-vitry94.fr\/galerie-municipale\/infos-pratiques\/\" \/>\n<meta property=\"og:site_name\" content=\"galerie-municipale\" \/>\n<meta property=\"article:modified_time\" content=\"2026-02-21T00:43:12+00:00\" \/>\n<meta name=\"twitter:card\" content=\"summary_large_image\" \/>\n<meta name=\"twitter:label1\" content=\"Dur\u00e9e de lecture estim\u00e9e\" \/>\n\t<meta name=\"twitter:data1\" content=\"15 minutes\" \/>\n<script type=\"application\/ld+json\" class=\"yoast-schema-graph\">{\"@context\":\"https:\\\/\\\/schema.org\",\"@graph\":[{\"@type\":\"WebPage\",\"@id\":\"https:\\\/\\\/services-vitry94.fr\\\/galerie-municipale\\\/infos-pratiques\\\/\",\"url\":\"https:\\\/\\\/services-vitry94.fr\\\/galerie-municipale\\\/infos-pratiques\\\/\",\"name\":\"Infos pratiques - galerie-municipale\",\"isPartOf\":{\"@id\":\"https:\\\/\\\/services-vitry94.fr\\\/galerie-municipale\\\/#website\"},\"datePublished\":\"2023-06-20T03:00:55+00:00\",\"dateModified\":\"2026-02-21T00:43:12+00:00\",\"breadcrumb\":{\"@id\":\"https:\\\/\\\/services-vitry94.fr\\\/galerie-municipale\\\/infos-pratiques\\\/#breadcrumb\"},\"inLanguage\":\"fr-FR\",\"potentialAction\":[{\"@type\":\"ReadAction\",\"target\":[\"https:\\\/\\\/services-vitry94.fr\\\/galerie-municipale\\\/infos-pratiques\\\/\"]}]},{\"@type\":\"BreadcrumbList\",\"@id\":\"https:\\\/\\\/services-vitry94.fr\\\/galerie-municipale\\\/infos-pratiques\\\/#breadcrumb\",\"itemListElement\":[{\"@type\":\"ListItem\",\"position\":1,\"name\":\"Accueil\",\"item\":\"https:\\\/\\\/services-vitry94.fr\\\/galerie-municipale\\\/\"},{\"@type\":\"ListItem\",\"position\":2,\"name\":\"Infos pratiques\"}]},{\"@type\":\"WebSite\",\"@id\":\"https:\\\/\\\/services-vitry94.fr\\\/galerie-municipale\\\/#website\",\"url\":\"https:\\\/\\\/services-vitry94.fr\\\/galerie-municipale\\\/\",\"name\":\"Galerie Jean-Collet\",\"description\":\"\",\"publisher\":{\"@id\":\"https:\\\/\\\/services-vitry94.fr\\\/galerie-municipale\\\/#organization\"},\"potentialAction\":[{\"@type\":\"SearchAction\",\"target\":{\"@type\":\"EntryPoint\",\"urlTemplate\":\"https:\\\/\\\/services-vitry94.fr\\\/galerie-municipale\\\/?s={search_term_string}\"},\"query-input\":{\"@type\":\"PropertyValueSpecification\",\"valueRequired\":true,\"valueName\":\"search_term_string\"}}],\"inLanguage\":\"fr-FR\"},{\"@type\":\"Organization\",\"@id\":\"https:\\\/\\\/services-vitry94.fr\\\/galerie-municipale\\\/#organization\",\"name\":\"Galerie Jean-Collet\",\"url\":\"https:\\\/\\\/services-vitry94.fr\\\/galerie-municipale\\\/\",\"logo\":{\"@type\":\"ImageObject\",\"inLanguage\":\"fr-FR\",\"@id\":\"https:\\\/\\\/services-vitry94.fr\\\/galerie-municipale\\\/#\\\/schema\\\/logo\\\/image\\\/\",\"url\":\"https:\\\/\\\/services-vitry94.fr\\\/galerie-municipale\\\/wp-content\\\/uploads\\\/2023\\\/06\\\/logo-rouge-hg-hd-webp.avif\",\"contentUrl\":\"https:\\\/\\\/services-vitry94.fr\\\/galerie-municipale\\\/wp-content\\\/uploads\\\/2023\\\/06\\\/logo-rouge-hg-hd-webp.avif\",\"width\":800,\"height\":240,\"caption\":\"Galerie Jean-Collet\"},\"image\":{\"@id\":\"https:\\\/\\\/services-vitry94.fr\\\/galerie-municipale\\\/#\\\/schema\\\/logo\\\/image\\\/\"},\"sameAs\":[\"https:\\\/\\\/www.instagram.com\\\/gmjeancollet\\\/\"]}]}<\/script>\n<!-- \/ Yoast SEO plugin. -->","yoast_head_json":{"title":"Infos pratiques - galerie-municipale","robots":{"index":"index","follow":"follow","max-snippet":"max-snippet:-1","max-image-preview":"max-image-preview:large","max-video-preview":"max-video-preview:-1"},"canonical":"https:\/\/services-vitry94.fr\/galerie-municipale\/infos-pratiques\/","og_locale":"fr_FR","og_type":"article","og_title":"Infos pratiques - galerie-municipale","og_url":"https:\/\/services-vitry94.fr\/galerie-municipale\/infos-pratiques\/","og_site_name":"galerie-municipale","article_modified_time":"2026-02-21T00:43:12+00:00","twitter_card":"summary_large_image","twitter_misc":{"Dur\u00e9e de lecture estim\u00e9e":"15 minutes"},"schema":{"@context":"https:\/\/schema.org","@graph":[{"@type":"WebPage","@id":"https:\/\/services-vitry94.fr\/galerie-municipale\/infos-pratiques\/","url":"https:\/\/services-vitry94.fr\/galerie-municipale\/infos-pratiques\/","name":"Infos pratiques - galerie-municipale","isPartOf":{"@id":"https:\/\/services-vitry94.fr\/galerie-municipale\/#website"},"datePublished":"2023-06-20T03:00:55+00:00","dateModified":"2026-02-21T00:43:12+00:00","breadcrumb":{"@id":"https:\/\/services-vitry94.fr\/galerie-municipale\/infos-pratiques\/#breadcrumb"},"inLanguage":"fr-FR","potentialAction":[{"@type":"ReadAction","target":["https:\/\/services-vitry94.fr\/galerie-municipale\/infos-pratiques\/"]}]},{"@type":"BreadcrumbList","@id":"https:\/\/services-vitry94.fr\/galerie-municipale\/infos-pratiques\/#breadcrumb","itemListElement":[{"@type":"ListItem","position":1,"name":"Accueil","item":"https:\/\/services-vitry94.fr\/galerie-municipale\/"},{"@type":"ListItem","position":2,"name":"Infos pratiques"}]},{"@type":"WebSite","@id":"https:\/\/services-vitry94.fr\/galerie-municipale\/#website","url":"https:\/\/services-vitry94.fr\/galerie-municipale\/","name":"Galerie Jean-Collet","description":"","publisher":{"@id":"https:\/\/services-vitry94.fr\/galerie-municipale\/#organization"},"potentialAction":[{"@type":"SearchAction","target":{"@type":"EntryPoint","urlTemplate":"https:\/\/services-vitry94.fr\/galerie-municipale\/?s={search_term_string}"},"query-input":{"@type":"PropertyValueSpecification","valueRequired":true,"valueName":"search_term_string"}}],"inLanguage":"fr-FR"},{"@type":"Organization","@id":"https:\/\/services-vitry94.fr\/galerie-municipale\/#organization","name":"Galerie Jean-Collet","url":"https:\/\/services-vitry94.fr\/galerie-municipale\/","logo":{"@type":"ImageObject","inLanguage":"fr-FR","@id":"https:\/\/services-vitry94.fr\/galerie-municipale\/#\/schema\/logo\/image\/","url":"https:\/\/services-vitry94.fr\/galerie-municipale\/wp-content\/uploads\/2023\/06\/logo-rouge-hg-hd-webp.avif","contentUrl":"https:\/\/services-vitry94.fr\/galerie-municipale\/wp-content\/uploads\/2023\/06\/logo-rouge-hg-hd-webp.avif","width":800,"height":240,"caption":"Galerie Jean-Collet"},"image":{"@id":"https:\/\/services-vitry94.fr\/galerie-municipale\/#\/schema\/logo\/image\/"},"sameAs":["https:\/\/www.instagram.com\/gmjeancollet\/"]}]}},"_links":{"self":[{"href":"https:\/\/services-vitry94.fr\/galerie-municipale\/wp-json\/wp\/v2\/pages\/475","targetHints":{"allow":["GET"]}}],"collection":[{"href":"https:\/\/services-vitry94.fr\/galerie-municipale\/wp-json\/wp\/v2\/pages"}],"about":[{"href":"https:\/\/services-vitry94.fr\/galerie-municipale\/wp-json\/wp\/v2\/types\/page"}],"author":[{"embeddable":true,"href":"https:\/\/services-vitry94.fr\/galerie-municipale\/wp-json\/wp\/v2\/users\/1"}],"replies":[{"embeddable":true,"href":"https:\/\/services-vitry94.fr\/galerie-municipale\/wp-json\/wp\/v2\/comments?post=475"}],"version-history":[{"count":14,"href":"https:\/\/services-vitry94.fr\/galerie-municipale\/wp-json\/wp\/v2\/pages\/475\/revisions"}],"predecessor-version":[{"id":8520,"href":"https:\/\/services-vitry94.fr\/galerie-municipale\/wp-json\/wp\/v2\/pages\/475\/revisions\/8520"}],"wp:attachment":[{"href":"https:\/\/services-vitry94.fr\/galerie-municipale\/wp-json\/wp\/v2\/media?parent=475"}],"curies":[{"name":"wp","href":"https:\/\/api.w.org\/{rel}","templated":true}]}}