{"id":6276,"date":"2026-02-10T16:05:56","date_gmt":"2026-02-10T15:05:56","guid":{"rendered":"https:\/\/services-vitry94.fr\/galerie-municipale\/?page_id=6276"},"modified":"2026-02-20T21:50:42","modified_gmt":"2026-02-20T20:50:42","slug":"erreur-404","status":"publish","type":"page","link":"https:\/\/services-vitry94.fr\/galerie-municipale\/erreur-404\/","title":{"rendered":"erreur-404"},"content":{"rendered":"<div class=\"fusion-fullwidth fullwidth-box fusion-builder-row-1 fusion-flex-container has-pattern-background has-mask-background nonhundred-percent-fullwidth non-hundred-percent-height-scrolling\" style=\"--awb-border-radius-top-left:0px;--awb-border-radius-top-right:0px;--awb-border-radius-bottom-right:0px;--awb-border-radius-bottom-left:0px;--awb-padding-top:0px;--awb-padding-right:0px;--awb-padding-bottom:0px;--awb-padding-left:0px;--awb-margin-top:120px;--awb-margin-bottom:120px;--awb-flex-wrap:wrap;\" ><div class=\"fusion-builder-row fusion-row fusion-flex-align-items-flex-start fusion-flex-content-wrap\" style=\"max-width:1248px;margin-left: calc(-4% \/ 2 );margin-right: calc(-4% \/ 2 );\"><div class=\"fusion-layout-column fusion_builder_column fusion-builder-column-0 fusion_builder_column_1_1 1_1 fusion-flex-column\" style=\"--awb-bg-size:cover;--awb-width-large:100%;--awb-margin-top-large:0px;--awb-spacing-right-large:1.92%;--awb-margin-bottom-large:20px;--awb-spacing-left-large:1.92%;--awb-width-medium:100%;--awb-order-medium:0;--awb-spacing-right-medium:1.92%;--awb-spacing-left-medium:1.92%;--awb-width-small:100%;--awb-order-small:0;--awb-spacing-right-small:1.92%;--awb-spacing-left-small:1.92%;\"><div class=\"fusion-column-wrapper fusion-column-has-shadow fusion-flex-justify-content-flex-start fusion-content-layout-column\"><div class=\"fusion-title title fusion-title-1 fusion-sep-none fusion-title-text fusion-title-size-one\" style=\"--awb-margin-top-small:10px;--awb-margin-right-small:0px;--awb-margin-bottom-small:10px;--awb-margin-left-small:0px;\"><h1 class=\"fusion-title-heading title-heading-left fusion-responsive-typography-calculated\" style=\"margin:0;--fontSize:60;line-height:1.16;\">Oups<\/h1><\/div><div class=\"fusion-text fusion-text-1\"><h3 data-start=\"90\" data-end=\"115\">404 &#8211; Page non trouv\u00e9e<\/h3>\n<p data-start=\"117\" data-end=\"255\">D\u00e9sol\u00e9, la page que vous cherchez n&rsquo;existe pas ou a \u00e9t\u00e9 d\u00e9plac\u00e9e.<br data-start=\"182\" data-end=\"185\" \/>Peut-\u00eatre avez-vous saisi une mauvaise adresse, ou le lien est p\u00e9rim\u00e9.<\/p>\n<\/div><div class=\"fusion-text fusion-text-2 balle\"><p>404<\/p>\n<\/div><\/div><\/div><\/div><\/div>\n","protected":false},"excerpt":{"rendered":"","protected":false},"author":1,"featured_media":0,"parent":0,"menu_order":0,"comment_status":"closed","ping_status":"closed","template":"","meta":{"_acf_changed":false,"footnotes":""},"class_list":["post-6276","page","type-page","status-publish","hentry"],"acf":[],"yoast_head":"<!-- This site is optimized with the Yoast SEO plugin v27.3 - https:\/\/yoast.com\/product\/yoast-seo-wordpress\/ -->\n<title>erreur-404 - galerie-municipale<\/title>\n<meta name=\"robots\" content=\"index, follow, max-snippet:-1, max-image-preview:large, max-video-preview:-1\" \/>\n<link rel=\"canonical\" href=\"https:\/\/services-vitry94.fr\/galerie-municipale\/erreur-404\/\" \/>\n<meta property=\"og:locale\" content=\"fr_FR\" \/>\n<meta property=\"og:type\" content=\"article\" \/>\n<meta property=\"og:title\" content=\"erreur-404 - galerie-municipale\" \/>\n<meta property=\"og:url\" content=\"https:\/\/services-vitry94.fr\/galerie-municipale\/erreur-404\/\" \/>\n<meta property=\"og:site_name\" content=\"galerie-municipale\" \/>\n<meta property=\"article:modified_time\" content=\"2026-02-20T20:50:42+00:00\" \/>\n<meta name=\"twitter:card\" content=\"summary_large_image\" \/>\n<meta name=\"twitter:label1\" content=\"Dur\u00e9e de lecture estim\u00e9e\" \/>\n\t<meta name=\"twitter:data1\" content=\"4 minutes\" \/>\n<script type=\"application\/ld+json\" class=\"yoast-schema-graph\">{\"@context\":\"https:\\\/\\\/schema.org\",\"@graph\":[{\"@type\":\"WebPage\",\"@id\":\"https:\\\/\\\/services-vitry94.fr\\\/galerie-municipale\\\/erreur-404\\\/\",\"url\":\"https:\\\/\\\/services-vitry94.fr\\\/galerie-municipale\\\/erreur-404\\\/\",\"name\":\"erreur-404 - galerie-municipale\",\"isPartOf\":{\"@id\":\"https:\\\/\\\/services-vitry94.fr\\\/galerie-municipale\\\/#website\"},\"datePublished\":\"2026-02-10T15:05:56+00:00\",\"dateModified\":\"2026-02-20T20:50:42+00:00\",\"breadcrumb\":{\"@id\":\"https:\\\/\\\/services-vitry94.fr\\\/galerie-municipale\\\/erreur-404\\\/#breadcrumb\"},\"inLanguage\":\"fr-FR\",\"potentialAction\":[{\"@type\":\"ReadAction\",\"target\":[\"https:\\\/\\\/services-vitry94.fr\\\/galerie-municipale\\\/erreur-404\\\/\"]}]},{\"@type\":\"BreadcrumbList\",\"@id\":\"https:\\\/\\\/services-vitry94.fr\\\/galerie-municipale\\\/erreur-404\\\/#breadcrumb\",\"itemListElement\":[{\"@type\":\"ListItem\",\"position\":1,\"name\":\"Accueil\",\"item\":\"https:\\\/\\\/services-vitry94.fr\\\/galerie-municipale\\\/\"},{\"@type\":\"ListItem\",\"position\":2,\"name\":\"erreur-404\"}]},{\"@type\":\"WebSite\",\"@id\":\"https:\\\/\\\/services-vitry94.fr\\\/galerie-municipale\\\/#website\",\"url\":\"https:\\\/\\\/services-vitry94.fr\\\/galerie-municipale\\\/\",\"name\":\"Galerie Jean-Collet\",\"description\":\"\",\"publisher\":{\"@id\":\"https:\\\/\\\/services-vitry94.fr\\\/galerie-municipale\\\/#organization\"},\"potentialAction\":[{\"@type\":\"SearchAction\",\"target\":{\"@type\":\"EntryPoint\",\"urlTemplate\":\"https:\\\/\\\/services-vitry94.fr\\\/galerie-municipale\\\/?s={search_term_string}\"},\"query-input\":{\"@type\":\"PropertyValueSpecification\",\"valueRequired\":true,\"valueName\":\"search_term_string\"}}],\"inLanguage\":\"fr-FR\"},{\"@type\":\"Organization\",\"@id\":\"https:\\\/\\\/services-vitry94.fr\\\/galerie-municipale\\\/#organization\",\"name\":\"Galerie Jean-Collet\",\"url\":\"https:\\\/\\\/services-vitry94.fr\\\/galerie-municipale\\\/\",\"logo\":{\"@type\":\"ImageObject\",\"inLanguage\":\"fr-FR\",\"@id\":\"https:\\\/\\\/services-vitry94.fr\\\/galerie-municipale\\\/#\\\/schema\\\/logo\\\/image\\\/\",\"url\":\"https:\\\/\\\/services-vitry94.fr\\\/galerie-municipale\\\/wp-content\\\/uploads\\\/2023\\\/06\\\/logo-rouge-hg-hd-webp.avif\",\"contentUrl\":\"https:\\\/\\\/services-vitry94.fr\\\/galerie-municipale\\\/wp-content\\\/uploads\\\/2023\\\/06\\\/logo-rouge-hg-hd-webp.avif\",\"width\":800,\"height\":240,\"caption\":\"Galerie Jean-Collet\"},\"image\":{\"@id\":\"https:\\\/\\\/services-vitry94.fr\\\/galerie-municipale\\\/#\\\/schema\\\/logo\\\/image\\\/\"},\"sameAs\":[\"https:\\\/\\\/www.instagram.com\\\/gmjeancollet\\\/\"]}]}<\/script>\n<!-- \/ Yoast SEO plugin. -->","yoast_head_json":{"title":"erreur-404 - galerie-municipale","robots":{"index":"index","follow":"follow","max-snippet":"max-snippet:-1","max-image-preview":"max-image-preview:large","max-video-preview":"max-video-preview:-1"},"canonical":"https:\/\/services-vitry94.fr\/galerie-municipale\/erreur-404\/","og_locale":"fr_FR","og_type":"article","og_title":"erreur-404 - galerie-municipale","og_url":"https:\/\/services-vitry94.fr\/galerie-municipale\/erreur-404\/","og_site_name":"galerie-municipale","article_modified_time":"2026-02-20T20:50:42+00:00","twitter_card":"summary_large_image","twitter_misc":{"Dur\u00e9e de lecture estim\u00e9e":"4 minutes"},"schema":{"@context":"https:\/\/schema.org","@graph":[{"@type":"WebPage","@id":"https:\/\/services-vitry94.fr\/galerie-municipale\/erreur-404\/","url":"https:\/\/services-vitry94.fr\/galerie-municipale\/erreur-404\/","name":"erreur-404 - galerie-municipale","isPartOf":{"@id":"https:\/\/services-vitry94.fr\/galerie-municipale\/#website"},"datePublished":"2026-02-10T15:05:56+00:00","dateModified":"2026-02-20T20:50:42+00:00","breadcrumb":{"@id":"https:\/\/services-vitry94.fr\/galerie-municipale\/erreur-404\/#breadcrumb"},"inLanguage":"fr-FR","potentialAction":[{"@type":"ReadAction","target":["https:\/\/services-vitry94.fr\/galerie-municipale\/erreur-404\/"]}]},{"@type":"BreadcrumbList","@id":"https:\/\/services-vitry94.fr\/galerie-municipale\/erreur-404\/#breadcrumb","itemListElement":[{"@type":"ListItem","position":1,"name":"Accueil","item":"https:\/\/services-vitry94.fr\/galerie-municipale\/"},{"@type":"ListItem","position":2,"name":"erreur-404"}]},{"@type":"WebSite","@id":"https:\/\/services-vitry94.fr\/galerie-municipale\/#website","url":"https:\/\/services-vitry94.fr\/galerie-municipale\/","name":"Galerie Jean-Collet","description":"","publisher":{"@id":"https:\/\/services-vitry94.fr\/galerie-municipale\/#organization"},"potentialAction":[{"@type":"SearchAction","target":{"@type":"EntryPoint","urlTemplate":"https:\/\/services-vitry94.fr\/galerie-municipale\/?s={search_term_string}"},"query-input":{"@type":"PropertyValueSpecification","valueRequired":true,"valueName":"search_term_string"}}],"inLanguage":"fr-FR"},{"@type":"Organization","@id":"https:\/\/services-vitry94.fr\/galerie-municipale\/#organization","name":"Galerie Jean-Collet","url":"https:\/\/services-vitry94.fr\/galerie-municipale\/","logo":{"@type":"ImageObject","inLanguage":"fr-FR","@id":"https:\/\/services-vitry94.fr\/galerie-municipale\/#\/schema\/logo\/image\/","url":"https:\/\/services-vitry94.fr\/galerie-municipale\/wp-content\/uploads\/2023\/06\/logo-rouge-hg-hd-webp.avif","contentUrl":"https:\/\/services-vitry94.fr\/galerie-municipale\/wp-content\/uploads\/2023\/06\/logo-rouge-hg-hd-webp.avif","width":800,"height":240,"caption":"Galerie Jean-Collet"},"image":{"@id":"https:\/\/services-vitry94.fr\/galerie-municipale\/#\/schema\/logo\/image\/"},"sameAs":["https:\/\/www.instagram.com\/gmjeancollet\/"]}]}},"_links":{"self":[{"href":"https:\/\/services-vitry94.fr\/galerie-municipale\/wp-json\/wp\/v2\/pages\/6276","targetHints":{"allow":["GET"]}}],"collection":[{"href":"https:\/\/services-vitry94.fr\/galerie-municipale\/wp-json\/wp\/v2\/pages"}],"about":[{"href":"https:\/\/services-vitry94.fr\/galerie-municipale\/wp-json\/wp\/v2\/types\/page"}],"author":[{"embeddable":true,"href":"https:\/\/services-vitry94.fr\/galerie-municipale\/wp-json\/wp\/v2\/users\/1"}],"replies":[{"embeddable":true,"href":"https:\/\/services-vitry94.fr\/galerie-municipale\/wp-json\/wp\/v2\/comments?post=6276"}],"version-history":[{"count":5,"href":"https:\/\/services-vitry94.fr\/galerie-municipale\/wp-json\/wp\/v2\/pages\/6276\/revisions"}],"predecessor-version":[{"id":6282,"href":"https:\/\/services-vitry94.fr\/galerie-municipale\/wp-json\/wp\/v2\/pages\/6276\/revisions\/6282"}],"wp:attachment":[{"href":"https:\/\/services-vitry94.fr\/galerie-municipale\/wp-json\/wp\/v2\/media?parent=6276"}],"curies":[{"name":"wp","href":"https:\/\/api.w.org\/{rel}","templated":true}]}}