{"id":926,"date":"2023-07-17T21:08:54","date_gmt":"2023-07-17T19:08:54","guid":{"rendered":"https:\/\/services-vitry94.fr\/galerie-municipale\/?page_id=926"},"modified":"2026-02-21T02:54:10","modified_gmt":"2026-02-21T01:54:10","slug":"novembre-a-vitry","status":"publish","type":"page","link":"https:\/\/services-vitry94.fr\/galerie-municipale\/novembre-a-vitry\/","title":{"rendered":"Novembre \u00e0 Vitry"},"content":{"rendered":"<p><div class=\"fusion-fullwidth fullwidth-box fusion-builder-row-1 fusion-flex-container has-pattern-background has-mask-background nonhundred-percent-fullwidth non-hundred-percent-height-scrolling\" style=\"--awb-border-radius-top-left:0px;--awb-border-radius-top-right:0px;--awb-border-radius-bottom-right:0px;--awb-border-radius-bottom-left:0px;--awb-padding-right:0px;--awb-padding-left:0px;--awb-margin-top:90px;--awb-flex-wrap:wrap;\" ><div class=\"fusion-builder-row fusion-row fusion-flex-align-items-flex-start fusion-flex-content-wrap\" style=\"max-width:1248px;margin-left: calc(-4% \/ 2 );margin-right: calc(-4% \/ 2 );\"><div class=\"fusion-layout-column fusion_builder_column fusion-builder-column-0 fusion_builder_column_1_1 1_1 fusion-flex-column\" style=\"--awb-bg-size:cover;--awb-width-large:100%;--awb-margin-top-large:0px;--awb-spacing-right-large:1.92%;--awb-margin-bottom-large:20px;--awb-spacing-left-large:1.92%;--awb-width-medium:100%;--awb-order-medium:0;--awb-spacing-right-medium:1.92%;--awb-spacing-left-medium:1.92%;--awb-width-small:100%;--awb-order-small:0;--awb-spacing-right-small:1.92%;--awb-spacing-left-small:1.92%;\"><div class=\"fusion-column-wrapper fusion-column-has-shadow fusion-flex-justify-content-flex-start fusion-content-layout-column\"><div class=\"fusion-title title fusion-title-1 fusion-sep-none fusion-title-center fusion-title-text fusion-title-size-two\" style=\"--awb-margin-bottom:0px;--awb-margin-top-small:10px;--awb-margin-right-small:0px;--awb-margin-bottom-small:10px;--awb-margin-left-small:0px;--awb-font-size:16px;\"><h2 class=\"fusion-title-heading title-heading-center fusion-responsive-typography-calculated\" style=\"font-family:&quot;Poppins&quot;;font-style:normal;font-weight:500;margin:0;letter-spacing:3px;text-transform:uppercase;font-size:1em;--fontSize:16;--minFontSize:16;line-height:1.2;\">&#8211; depuis 1969 &#8211;<\/h2><\/div><div class=\"fusion-title title fusion-title-2 fusion-sep-none fusion-title-center fusion-title-text fusion-title-size-one\" style=\"--awb-margin-top-small:10px;--awb-margin-right-small:0px;--awb-margin-bottom-small:10px;--awb-margin-left-small:0px;\"><h1 class=\"fusion-title-heading title-heading-center fusion-responsive-typography-calculated\" style=\"margin:0;--fontSize:60;line-height:1.16;\">Novembre \u00e0 Vitry<\/h1><\/div><div class=\"fusion-title title fusion-title-3 fusion-sep-none fusion-title-center fusion-title-text fusion-title-size-two\" style=\"--awb-margin-top-small:10px;--awb-margin-right-small:0px;--awb-margin-bottom-small:10px;--awb-margin-left-small:0px;--awb-font-size:16px;\"><h2 class=\"fusion-title-heading title-heading-center fusion-responsive-typography-calculated\" style=\"font-family:&quot;Poppins&quot;;font-style:normal;font-weight:500;margin:0;letter-spacing:3px;text-transform:uppercase;font-size:1em;--fontSize:16;--minFontSize:16;line-height:1.2;\">Prix international de peinture<\/h2><\/div><\/div><\/div><\/div><\/div><div class=\"fusion-fullwidth fullwidth-box fusion-builder-row-2 fusion-flex-container has-pattern-background has-mask-background nonhundred-percent-fullwidth non-hundred-percent-height-scrolling\" style=\"--awb-border-radius-top-left:0px;--awb-border-radius-top-right:0px;--awb-border-radius-bottom-right:0px;--awb-border-radius-bottom-left:0px;--awb-padding-right:0px;--awb-padding-left:0px;--awb-flex-wrap:wrap;\" ><div class=\"fusion-builder-row fusion-row fusion-flex-align-items-flex-start fusion-flex-content-wrap\" style=\"max-width:1248px;margin-left: calc(-4% \/ 2 );margin-right: calc(-4% \/ 2 );\"><div class=\"fusion-layout-column fusion_builder_column fusion-builder-column-1 fusion_builder_column_1_1 1_1 fusion-flex-column\" style=\"--awb-bg-size:cover;--awb-width-large:100%;--awb-margin-top-large:0px;--awb-spacing-right-large:1.92%;--awb-margin-bottom-large:20px;--awb-spacing-left-large:1.92%;--awb-width-medium:100%;--awb-order-medium:0;--awb-spacing-right-medium:1.92%;--awb-spacing-left-medium:1.92%;--awb-width-small:100%;--awb-order-small:0;--awb-spacing-right-small:1.92%;--awb-spacing-left-small:1.92%;\"><div class=\"fusion-column-wrapper fusion-column-has-shadow fusion-flex-justify-content-flex-start fusion-content-layout-column\"><div class=\"fusion-image-element \" style=\"--awb-aspect-ratio:16 \/ 9;--awb-object-position:50% 71%;--awb-caption-title-font-family:var(--h2_typography-font-family);--awb-caption-title-font-weight:var(--h2_typography-font-weight);--awb-caption-title-font-style:var(--h2_typography-font-style);--awb-caption-title-size:var(--h2_typography-font-size);--awb-caption-title-transform:var(--h2_typography-text-transform);--awb-caption-title-line-height:var(--h2_typography-line-height);--awb-caption-title-letter-spacing:var(--h2_typography-letter-spacing);\"><span class=\" fusion-imageframe imageframe-none imageframe-1 hover-type-none has-aspect-ratio\"><img decoding=\"async\" width=\"1198\" height=\"800\" title=\"17-11-18-Prix-Novembre-a\u0300-Vitry-SL-5-copie-1198&#215;800\" src=\"https:\/\/services-vitry94.fr\/galerie-municipale\/wp-content\/uploads\/2026\/01\/17-11-18-Prix-Novembre-a\u0300-Vitry-SL-5-copie-1198x800-1.webp\" data-orig-src=\"https:\/\/services-vitry94.fr\/galerie-municipale\/wp-content\/uploads\/2026\/01\/17-11-18-Prix-Novembre-a\u0300-Vitry-SL-5-copie-1198x800-1.webp\" class=\"lazyload img-responsive wp-image-4905 img-with-aspect-ratio\" data-parent-fit=\"cover\" data-parent-container=\".fusion-image-element\" alt srcset=\"data:image\/svg+xml,%3Csvg%20xmlns%3D%27http%3A%2F%2Fwww.w3.org%2F2000%2Fsvg%27%20width%3D%271198%27%20height%3D%27800%27%20viewBox%3D%270%200%201198%20800%27%3E%3Crect%20width%3D%271198%27%20height%3D%27800%27%20fill-opacity%3D%220%22%2F%3E%3C%2Fsvg%3E\" data-srcset=\"https:\/\/services-vitry94.fr\/galerie-municipale\/wp-content\/uploads\/2026\/01\/17-11-18-Prix-Novembre-a\u0300-Vitry-SL-5-copie-1198x800-1-200x134.webp 200w, https:\/\/services-vitry94.fr\/galerie-municipale\/wp-content\/uploads\/2026\/01\/17-11-18-Prix-Novembre-a\u0300-Vitry-SL-5-copie-1198x800-1-400x267.webp 400w, https:\/\/services-vitry94.fr\/galerie-municipale\/wp-content\/uploads\/2026\/01\/17-11-18-Prix-Novembre-a\u0300-Vitry-SL-5-copie-1198x800-1-600x401.webp 600w, https:\/\/services-vitry94.fr\/galerie-municipale\/wp-content\/uploads\/2026\/01\/17-11-18-Prix-Novembre-a\u0300-Vitry-SL-5-copie-1198x800-1-800x534.webp 800w, https:\/\/services-vitry94.fr\/galerie-municipale\/wp-content\/uploads\/2026\/01\/17-11-18-Prix-Novembre-a\u0300-Vitry-SL-5-copie-1198x800-1.webp 1198w\" data-sizes=\"auto\" data-orig-sizes=\"(max-width: 1024px) 100vw, (max-width: 640px) 100vw, 1198px\" \/><\/span><\/div><\/div><\/div><\/div><\/div><div class=\"fusion-fullwidth fullwidth-box fusion-builder-row-3 fusion-flex-container has-pattern-background has-mask-background nonhundred-percent-fullwidth non-hundred-percent-height-scrolling\" style=\"--awb-border-radius-top-left:0px;--awb-border-radius-top-right:0px;--awb-border-radius-bottom-right:0px;--awb-border-radius-bottom-left:0px;--awb-padding-top:30px;--awb-padding-right:0px;--awb-padding-bottom:60px;--awb-padding-left:0px;--awb-flex-wrap:wrap;\" ><div class=\"fusion-builder-row fusion-row fusion-flex-align-items-flex-start fusion-flex-content-wrap\" style=\"max-width:1248px;margin-left: calc(-4% \/ 2 );margin-right: calc(-4% \/ 2 );\"><div class=\"fusion-layout-column fusion_builder_column fusion-builder-column-2 fusion_builder_column_1_1 1_1 fusion-flex-column\" style=\"--awb-bg-size:cover;--awb-width-large:100%;--awb-margin-top-large:0px;--awb-spacing-right-large:1.92%;--awb-margin-bottom-large:20px;--awb-spacing-left-large:1.92%;--awb-width-medium:100%;--awb-order-medium:0;--awb-spacing-right-medium:1.92%;--awb-spacing-left-medium:1.92%;--awb-width-small:100%;--awb-order-small:0;--awb-spacing-right-small:1.92%;--awb-spacing-left-small:1.92%;\"><div class=\"fusion-column-wrapper fusion-column-has-shadow fusion-flex-justify-content-flex-start fusion-content-layout-column\"><div class=\"fusion-title title fusion-title-4 fusion-sep-none fusion-title-text fusion-title-size-two\" style=\"--awb-margin-top-small:10px;--awb-margin-right-small:0px;--awb-margin-bottom-small:10px;--awb-margin-left-small:0px;\"><h2 class=\"fusion-title-heading title-heading-left fusion-responsive-typography-calculated\" style=\"margin:0;--fontSize:36;line-height:1.2;\">Le concours<\/h2><\/div><div class=\"fusion-text fusion-text-1\"><p>Cette initiative culturelle est n\u00e9e d&rsquo;une volont\u00e9 municipale en 1969, d&rsquo;encourager la cr\u00e9ation artistique contemporaine. Elle r\u00e9unit de jeunes plasticiens pour une exposition collective et l&rsquo;obtention d&rsquo;un prix annuel d\u00e9cern\u00e9 par un jury d&rsquo;artistes t\u00e9moignant de la diversit\u00e9 de l&rsquo;art contemporain.<\/p>\n<p>L&rsquo;initiative comprend, outre l&rsquo;exposition des candidats, la remise d&rsquo;un prix \u00e0 deux laur\u00e9ats ainsi que leur exposition personnelle.<\/p>\n<p>Les \u0153uvres prim\u00e9es rejoignent la collection Novembre \u00e0 Vitry, compos\u00e9e d\u2019une centaine de pi\u00e8ces \u00e0 ce jour. De la figuration libre \u00e0 l\u2019abstraction, de l\u2019hyperr\u00e9alisme aux nouveaux fauves, de l\u2019art contextuel \u00e0 l\u2019art urbain, chacune des \u0153uvres de la collection est un t\u00e9moignage de ces diff\u00e9rents courants artistiques de l\u2019histoire des arts contemporains et refl\u00e8te ainsi ses enjeux.<\/p>\n<\/div><\/div><\/div><\/div><\/div><div class=\"fusion-fullwidth fullwidth-box fusion-builder-row-4 fusion-flex-container has-pattern-background has-mask-background nonhundred-percent-fullwidth non-hundred-percent-height-scrolling\" style=\"--awb-border-radius-top-left:0px;--awb-border-radius-top-right:0px;--awb-border-radius-bottom-right:0px;--awb-border-radius-bottom-left:0px;--awb-padding-top:30px;--awb-padding-right:0px;--awb-padding-bottom:60px;--awb-padding-left:0px;--awb-flex-wrap:wrap;\" ><div class=\"fusion-builder-row fusion-row fusion-flex-align-items-flex-start fusion-flex-content-wrap\" style=\"max-width:1248px;margin-left: calc(-4% \/ 2 );margin-right: calc(-4% \/ 2 );\"><div class=\"fusion-layout-column fusion_builder_column fusion-builder-column-3 fusion_builder_column_1_1 1_1 fusion-flex-column\" style=\"--awb-bg-size:cover;--awb-width-large:100%;--awb-margin-top-large:0px;--awb-spacing-right-large:1.92%;--awb-margin-bottom-large:20px;--awb-spacing-left-large:1.92%;--awb-width-medium:100%;--awb-order-medium:0;--awb-spacing-right-medium:1.92%;--awb-spacing-left-medium:1.92%;--awb-width-small:100%;--awb-order-small:0;--awb-spacing-right-small:1.92%;--awb-spacing-left-small:1.92%;\"><div class=\"fusion-column-wrapper fusion-column-has-shadow fusion-flex-justify-content-flex-start fusion-content-layout-column\"><div class=\"fusion-title title fusion-title-5 fusion-sep-none fusion-title-text fusion-title-size-two\" style=\"--awb-margin-top-small:10px;--awb-margin-right-small:0px;--awb-margin-bottom-small:10px;--awb-margin-left-small:0px;\"><h2 class=\"fusion-title-heading title-heading-left fusion-responsive-typography-calculated\" style=\"margin:0;--fontSize:36;line-height:1.2;\">\u0152uvres prim\u00e9es<\/h2><\/div><div class=\"fusion-text fusion-text-2\"><p>Retrouvez l&rsquo;ensemble des \u0153uvres prim\u00e9es par les jurys depuis 1969.<\/p>\n<\/div><div ><a class=\"fusion-button button-flat button-xlarge button-default fusion-button-default button-1 fusion-button-default-span fusion-button-default-type\" target=\"_self\" href=\"https:\/\/services-vitry94.fr\/galerie-municipale\/collection-novembre-a-vitry\/\"><span class=\"fusion-button-text awb-button__text awb-button__text--default\">La collection Novembre \u00e0 Vitry<\/span><i class=\"fa-arrow-right fas awb-button__icon awb-button__icon--default button-icon-right\" aria-hidden=\"true\"><\/i><\/a><\/div><\/div><\/div><\/div><\/div><div class=\"fusion-fullwidth fullwidth-box fusion-builder-row-5 fusion-flex-container has-pattern-background has-mask-background nonhundred-percent-fullwidth non-hundred-percent-height-scrolling\" style=\"--awb-border-radius-top-left:0px;--awb-border-radius-top-right:0px;--awb-border-radius-bottom-right:0px;--awb-border-radius-bottom-left:0px;--awb-padding-top:30px;--awb-padding-right:0px;--awb-padding-bottom:60px;--awb-padding-left:0px;--awb-flex-wrap:wrap;\" ><div class=\"fusion-builder-row fusion-row fusion-flex-align-items-flex-start fusion-flex-content-wrap\" style=\"max-width:1248px;margin-left: calc(-4% \/ 2 );margin-right: calc(-4% \/ 2 );\"><div class=\"fusion-layout-column fusion_builder_column fusion-builder-column-4 fusion_builder_column_1_1 1_1 fusion-flex-column\" style=\"--awb-bg-size:cover;--awb-width-large:100%;--awb-margin-top-large:0px;--awb-spacing-right-large:1.92%;--awb-margin-bottom-large:20px;--awb-spacing-left-large:1.92%;--awb-width-medium:100%;--awb-order-medium:0;--awb-spacing-right-medium:1.92%;--awb-spacing-left-medium:1.92%;--awb-width-small:100%;--awb-order-small:0;--awb-spacing-right-small:1.92%;--awb-spacing-left-small:1.92%;\"><div class=\"fusion-column-wrapper fusion-column-has-shadow fusion-flex-justify-content-flex-start fusion-content-layout-column\"><div class=\"fusion-title title fusion-title-6 fusion-sep-none fusion-title-text fusion-title-size-two\" style=\"--awb-margin-top-small:10px;--awb-margin-right-small:0px;--awb-margin-bottom-small:10px;--awb-margin-left-small:0px;\"><h2 class=\"fusion-title-heading title-heading-left fusion-responsive-typography-calculated\" style=\"margin:0;--fontSize:36;line-height:1.2;\">Candidater<\/h2><\/div><div class=\"fusion-text fusion-text-3\"><p>Les candidatures au <strong>Prix Novembre \u00e0 Vitry<\/strong> ouvrent chaque ann\u00e9e au mois de mai. Le concours s\u2019adresse aux artistes de moins de 41 ans \u00e0 la date du vernissage, qui doivent proposer une \u0153uvre (format maximal 200 x 200 cm ; \u0153uvres en volume accept\u00e9es sous conditions).<\/p>\n<p>La s\u00e9lection s\u2019effectue sur dossier en ligne strictement anonyme. Une vingtaine d\u2019\u0153uvres seront expos\u00e9es \u00e0 la Galerie municipale Jean-Collet, et deux laur\u00e9at\u00b7es seront d\u00e9sign\u00e9\u00b7es par un jury d\u2019artistes reconnu\u00b7es.<\/p>\n<\/div><div class=\"fusion-text fusion-text-4 fusion-text-no-margin\" style=\"--awb-margin-top:20px;--awb-margin-bottom:20px;\"><p>Pour l'\u00e9dition Novembre \u00e0 Vitry 2026, les inscriptions sont ouvertes jusqu'au 31 mai 2026.<\/p>\n<\/div><div ><a class=\"fusion-button button-flat button-xlarge button-default fusion-button-default button-2 fusion-button-default-span fusion-button-default-type\" target=\"_self\" href=\"mailto:daisy.boyer@mairie-vitry94.fr?subject=Candidature%20Novembre%20\u00e0%20Vitry\"><span class=\"fusion-button-text awb-button__text awb-button__text--default\">Candidater<\/span><i class=\"fa-arrow-right fas awb-button__icon awb-button__icon--default button-icon-right\" aria-hidden=\"true\"><\/i><\/a><\/div><\/div><\/div><\/div><\/div><\/p>\n","protected":false},"excerpt":{"rendered":"","protected":false},"author":1,"featured_media":0,"parent":0,"menu_order":0,"comment_status":"closed","ping_status":"closed","template":"100-width.php","meta":{"_acf_changed":false,"footnotes":""},"class_list":["post-926","page","type-page","status-publish","hentry"],"acf":[],"yoast_head":"<!-- This site is optimized with the Yoast SEO plugin v27.3 - https:\/\/yoast.com\/product\/yoast-seo-wordpress\/ -->\n<title>Novembre \u00e0 Vitry - galerie-municipale<\/title>\n<meta name=\"robots\" content=\"index, follow, max-snippet:-1, max-image-preview:large, max-video-preview:-1\" \/>\n<link rel=\"canonical\" href=\"https:\/\/services-vitry94.fr\/galerie-municipale\/novembre-a-vitry\/\" \/>\n<meta property=\"og:locale\" content=\"fr_FR\" \/>\n<meta property=\"og:type\" content=\"article\" \/>\n<meta property=\"og:title\" content=\"Novembre \u00e0 Vitry - galerie-municipale\" \/>\n<meta property=\"og:url\" content=\"https:\/\/services-vitry94.fr\/galerie-municipale\/novembre-a-vitry\/\" \/>\n<meta property=\"og:site_name\" content=\"galerie-municipale\" \/>\n<meta property=\"article:modified_time\" content=\"2026-02-21T01:54:10+00:00\" \/>\n<meta name=\"twitter:card\" content=\"summary_large_image\" \/>\n<meta name=\"twitter:label1\" content=\"Dur\u00e9e de lecture estim\u00e9e\" \/>\n\t<meta name=\"twitter:data1\" content=\"20 minutes\" \/>\n<script type=\"application\/ld+json\" class=\"yoast-schema-graph\">{\"@context\":\"https:\\\/\\\/schema.org\",\"@graph\":[{\"@type\":\"WebPage\",\"@id\":\"https:\\\/\\\/services-vitry94.fr\\\/galerie-municipale\\\/novembre-a-vitry\\\/\",\"url\":\"https:\\\/\\\/services-vitry94.fr\\\/galerie-municipale\\\/novembre-a-vitry\\\/\",\"name\":\"Novembre \u00e0 Vitry - galerie-municipale\",\"isPartOf\":{\"@id\":\"https:\\\/\\\/services-vitry94.fr\\\/galerie-municipale\\\/#website\"},\"datePublished\":\"2023-07-17T19:08:54+00:00\",\"dateModified\":\"2026-02-21T01:54:10+00:00\",\"breadcrumb\":{\"@id\":\"https:\\\/\\\/services-vitry94.fr\\\/galerie-municipale\\\/novembre-a-vitry\\\/#breadcrumb\"},\"inLanguage\":\"fr-FR\",\"potentialAction\":[{\"@type\":\"ReadAction\",\"target\":[\"https:\\\/\\\/services-vitry94.fr\\\/galerie-municipale\\\/novembre-a-vitry\\\/\"]}]},{\"@type\":\"BreadcrumbList\",\"@id\":\"https:\\\/\\\/services-vitry94.fr\\\/galerie-municipale\\\/novembre-a-vitry\\\/#breadcrumb\",\"itemListElement\":[{\"@type\":\"ListItem\",\"position\":1,\"name\":\"Accueil\",\"item\":\"https:\\\/\\\/services-vitry94.fr\\\/galerie-municipale\\\/\"},{\"@type\":\"ListItem\",\"position\":2,\"name\":\"Novembre \u00e0 Vitry\"}]},{\"@type\":\"WebSite\",\"@id\":\"https:\\\/\\\/services-vitry94.fr\\\/galerie-municipale\\\/#website\",\"url\":\"https:\\\/\\\/services-vitry94.fr\\\/galerie-municipale\\\/\",\"name\":\"Galerie Jean-Collet\",\"description\":\"\",\"publisher\":{\"@id\":\"https:\\\/\\\/services-vitry94.fr\\\/galerie-municipale\\\/#organization\"},\"potentialAction\":[{\"@type\":\"SearchAction\",\"target\":{\"@type\":\"EntryPoint\",\"urlTemplate\":\"https:\\\/\\\/services-vitry94.fr\\\/galerie-municipale\\\/?s={search_term_string}\"},\"query-input\":{\"@type\":\"PropertyValueSpecification\",\"valueRequired\":true,\"valueName\":\"search_term_string\"}}],\"inLanguage\":\"fr-FR\"},{\"@type\":\"Organization\",\"@id\":\"https:\\\/\\\/services-vitry94.fr\\\/galerie-municipale\\\/#organization\",\"name\":\"Galerie Jean-Collet\",\"url\":\"https:\\\/\\\/services-vitry94.fr\\\/galerie-municipale\\\/\",\"logo\":{\"@type\":\"ImageObject\",\"inLanguage\":\"fr-FR\",\"@id\":\"https:\\\/\\\/services-vitry94.fr\\\/galerie-municipale\\\/#\\\/schema\\\/logo\\\/image\\\/\",\"url\":\"https:\\\/\\\/services-vitry94.fr\\\/galerie-municipale\\\/wp-content\\\/uploads\\\/2023\\\/06\\\/logo-rouge-hg-hd-webp.avif\",\"contentUrl\":\"https:\\\/\\\/services-vitry94.fr\\\/galerie-municipale\\\/wp-content\\\/uploads\\\/2023\\\/06\\\/logo-rouge-hg-hd-webp.avif\",\"width\":800,\"height\":240,\"caption\":\"Galerie Jean-Collet\"},\"image\":{\"@id\":\"https:\\\/\\\/services-vitry94.fr\\\/galerie-municipale\\\/#\\\/schema\\\/logo\\\/image\\\/\"},\"sameAs\":[\"https:\\\/\\\/www.instagram.com\\\/gmjeancollet\\\/\"]}]}<\/script>\n<!-- \/ Yoast SEO plugin. -->","yoast_head_json":{"title":"Novembre \u00e0 Vitry - galerie-municipale","robots":{"index":"index","follow":"follow","max-snippet":"max-snippet:-1","max-image-preview":"max-image-preview:large","max-video-preview":"max-video-preview:-1"},"canonical":"https:\/\/services-vitry94.fr\/galerie-municipale\/novembre-a-vitry\/","og_locale":"fr_FR","og_type":"article","og_title":"Novembre \u00e0 Vitry - galerie-municipale","og_url":"https:\/\/services-vitry94.fr\/galerie-municipale\/novembre-a-vitry\/","og_site_name":"galerie-municipale","article_modified_time":"2026-02-21T01:54:10+00:00","twitter_card":"summary_large_image","twitter_misc":{"Dur\u00e9e de lecture estim\u00e9e":"20 minutes"},"schema":{"@context":"https:\/\/schema.org","@graph":[{"@type":"WebPage","@id":"https:\/\/services-vitry94.fr\/galerie-municipale\/novembre-a-vitry\/","url":"https:\/\/services-vitry94.fr\/galerie-municipale\/novembre-a-vitry\/","name":"Novembre \u00e0 Vitry - galerie-municipale","isPartOf":{"@id":"https:\/\/services-vitry94.fr\/galerie-municipale\/#website"},"datePublished":"2023-07-17T19:08:54+00:00","dateModified":"2026-02-21T01:54:10+00:00","breadcrumb":{"@id":"https:\/\/services-vitry94.fr\/galerie-municipale\/novembre-a-vitry\/#breadcrumb"},"inLanguage":"fr-FR","potentialAction":[{"@type":"ReadAction","target":["https:\/\/services-vitry94.fr\/galerie-municipale\/novembre-a-vitry\/"]}]},{"@type":"BreadcrumbList","@id":"https:\/\/services-vitry94.fr\/galerie-municipale\/novembre-a-vitry\/#breadcrumb","itemListElement":[{"@type":"ListItem","position":1,"name":"Accueil","item":"https:\/\/services-vitry94.fr\/galerie-municipale\/"},{"@type":"ListItem","position":2,"name":"Novembre \u00e0 Vitry"}]},{"@type":"WebSite","@id":"https:\/\/services-vitry94.fr\/galerie-municipale\/#website","url":"https:\/\/services-vitry94.fr\/galerie-municipale\/","name":"Galerie Jean-Collet","description":"","publisher":{"@id":"https:\/\/services-vitry94.fr\/galerie-municipale\/#organization"},"potentialAction":[{"@type":"SearchAction","target":{"@type":"EntryPoint","urlTemplate":"https:\/\/services-vitry94.fr\/galerie-municipale\/?s={search_term_string}"},"query-input":{"@type":"PropertyValueSpecification","valueRequired":true,"valueName":"search_term_string"}}],"inLanguage":"fr-FR"},{"@type":"Organization","@id":"https:\/\/services-vitry94.fr\/galerie-municipale\/#organization","name":"Galerie Jean-Collet","url":"https:\/\/services-vitry94.fr\/galerie-municipale\/","logo":{"@type":"ImageObject","inLanguage":"fr-FR","@id":"https:\/\/services-vitry94.fr\/galerie-municipale\/#\/schema\/logo\/image\/","url":"https:\/\/services-vitry94.fr\/galerie-municipale\/wp-content\/uploads\/2023\/06\/logo-rouge-hg-hd-webp.avif","contentUrl":"https:\/\/services-vitry94.fr\/galerie-municipale\/wp-content\/uploads\/2023\/06\/logo-rouge-hg-hd-webp.avif","width":800,"height":240,"caption":"Galerie Jean-Collet"},"image":{"@id":"https:\/\/services-vitry94.fr\/galerie-municipale\/#\/schema\/logo\/image\/"},"sameAs":["https:\/\/www.instagram.com\/gmjeancollet\/"]}]}},"_links":{"self":[{"href":"https:\/\/services-vitry94.fr\/galerie-municipale\/wp-json\/wp\/v2\/pages\/926","targetHints":{"allow":["GET"]}}],"collection":[{"href":"https:\/\/services-vitry94.fr\/galerie-municipale\/wp-json\/wp\/v2\/pages"}],"about":[{"href":"https:\/\/services-vitry94.fr\/galerie-municipale\/wp-json\/wp\/v2\/types\/page"}],"author":[{"embeddable":true,"href":"https:\/\/services-vitry94.fr\/galerie-municipale\/wp-json\/wp\/v2\/users\/1"}],"replies":[{"embeddable":true,"href":"https:\/\/services-vitry94.fr\/galerie-municipale\/wp-json\/wp\/v2\/comments?post=926"}],"version-history":[{"count":6,"href":"https:\/\/services-vitry94.fr\/galerie-municipale\/wp-json\/wp\/v2\/pages\/926\/revisions"}],"predecessor-version":[{"id":8730,"href":"https:\/\/services-vitry94.fr\/galerie-municipale\/wp-json\/wp\/v2\/pages\/926\/revisions\/8730"}],"wp:attachment":[{"href":"https:\/\/services-vitry94.fr\/galerie-municipale\/wp-json\/wp\/v2\/media?parent=926"}],"curies":[{"name":"wp","href":"https:\/\/api.w.org\/{rel}","templated":true}]}}